{"id":139,"date":"2019-09-07T10:22:32","date_gmt":"2019-09-07T08:22:32","guid":{"rendered":"http:\/\/www.imagoformation.ch\/?page_id=139"},"modified":"2020-06-12T10:32:40","modified_gmt":"2020-06-12T08:32:40","slug":"ludologues-en-action","status":"publish","type":"page","link":"https:\/\/www.imagoformation.ch\/?page_id=139","title":{"rendered":"Ludologues en action"},"content":{"rendered":"<p>[et_pb_section fb_built=\u00a0\u00bb1&Prime; _builder_version=\u00a0\u00bb3.27.3&Prime;][et_pb_row _builder_version=\u00a0\u00bb4.4.7&Prime;][et_pb_column type=\u00a0\u00bb4_4&Prime; _builder_version=\u00a0\u00bb4.4.7&Prime;][et_pb_image src=\u00a0\u00bbhttp:\/\/www.imagoformation.ch\/wp-content\/uploads\/2020\/02\/IMAGO-Ilustraciones-1-01.png\u00a0\u00bb title_text=\u00a0\u00bbIMAGO Ilustraciones 1-01&Prime; _builder_version=\u00a0\u00bb4.4.7&Prime;][\/et_pb_image][\/et_pb_column][\/et_pb_row][et_pb_row column_structure=\u00a0\u00bb1_2,1_2&Prime; _builder_version=\u00a0\u00bb3.27.3&Prime;][et_pb_column type=\u00a0\u00bb1_2&Prime; _builder_version=\u00a0\u00bb3.27.3&Prime;][et_pb_text _builder_version=\u00a0\u00bb4.4.2&Prime;]<\/p>\n<p><strong><i>LUDOLOGUES EN ACTION<\/i><\/strong><\/p>\n<p><em>\u00ab Il faut savoir jouer avec le savoir. Le jeu est la respiration de l&rsquo;effort, l&rsquo;autre battement du coeur, il ne nuit pas au s\u00e9rieux de l&rsquo;apprentissage, il en est le contrepoint. \u00bb<\/em><\/p>\n<p><span><i>\u00a0 \u00a0 \u00a0 \u00a0 \u00a0 \u00a0 \u00a0 \u00a0 \u00a0 \u00a0 \u00a0 \u00a0 \u00a0 \u00a0 \u00a0 \u00a0 \u00a0 \u00a0 \u00a0 \u00a0 \u00a0 \u00a0 \u00a0 \u00a0 \u00a0 \u00a0 \u00a0 \u00a0 \u00a0 \u00a0 \u00a0 \u00a0 \u00a0 \u00a0 \u00a0 \u00a0 \u00a0 \u00a0 \u00a0<span style=\"text-decoration: underline;\">Chagrin d\u2019\u00e9cole<\/span> &#8211; Daniel Pennac<\/i><\/span><\/p>\n<p><strong>Descriptif<\/strong><\/p>\n<p style=\"text-align: justify;\">Int\u00e9grer le jeu dans nos formations est important au m\u00eame titre que le jeu pour l\u2019enfant. Jouer est l\u2019une des choses les plus s\u00e9rieuses au monde, les enfants le savent bien.<\/p>\n<p style=\"text-align: justify;\">Pour que vos formations prennent tout leur s\u00e9rieux et leur efficacit\u00e9, invitez le ludologue qui est en vous \u00e0 vos sessions de formation.<\/p>\n<p style=\"text-align: justify;\">Voulez-vous jouer le jeu ?<\/p>\n<p style=\"text-align: justify;\"><strong><\/strong><\/p>\n<p style=\"text-align: justify;\"><strong>Contenu\u00a0<\/strong><\/p>\n<p style=\"text-align: justify;\">&#8211; les r\u00e8gles du jeu<\/p>\n<p style=\"text-align: justify;\">&#8211; les r\u00f4les du jeu dans la formation<\/p>\n<p style=\"text-align: justify;\">&#8211; les avantages et limites du jeu dans l\u2019enseignement<\/p>\n<p style=\"text-align: justify;\">&#8211; Les jeux en salle de classe<\/p>\n<p style=\"text-align: justify;\"><strong><\/strong><\/p>\n<p style=\"text-align: justify;\"><strong>Objectifs\u00a0<\/strong><\/p>\n<p style=\"text-align: justify;\"><strong>&#8211; <\/strong>ma\u00eetriser les r\u00e8gles du jeu pour organiser des jeux en classe<\/p>\n<p style=\"text-align: justify;\">&#8211; proposer des jeux en salle de classe, en suivant des objectifs\u00a0 \u00a0 \u00a0 \u00a0 \u00a0 \u00a0 \u00a0 \u00a0 \u00a0 \u00a0 \u00a0d\u2019apprentissage sp\u00e9cifiques<\/p>\n<p style=\"text-align: justify;\">&#8211; g\u00e9rer et mener les dynamiques cr\u00e9\u00e9es par la p\u00e9dagogie du jeu<\/p>\n<p style=\"text-align: justify;\">&#8211; jouer<\/p>\n<p style=\"text-align: justify;\"><strong><\/strong><\/p>\n<p style=\"text-align: justify;\"><strong>Public cible\u00a0<\/strong><\/p>\n<p style=\"text-align: justify;\">Formateurs \/ Professeurs \/ Instituteurs \/ Ma\u00eetres de formation \/ Enseignants<\/p>\n<p>[\/et_pb_text][\/et_pb_column][et_pb_column type=\u00a0\u00bb1_2&Prime; _builder_version=\u00a0\u00bb3.27.3&Prime;][et_pb_code _builder_version=\u00a0\u00bb4.0.7&Prime; background_color=\u00a0\u00bbrgba(0,0,0,0)\u00a0\u00bb text_orientation=\u00a0\u00bbleft\u00a0\u00bb]\n<div class=\"wpcf7 no-js\" id=\"wpcf7-f662-o1\" lang=\"en-US\" dir=\"ltr\" data-wpcf7-id=\"662\">\n<div class=\"screen-reader-response\"><p role=\"status\" aria-live=\"polite\" aria-atomic=\"true\"><\/p> <ul><\/ul><\/div>\n<form action=\"\/index.php?rest_route=%2Fwp%2Fv2%2Fpages%2F139#wpcf7-f662-o1\" method=\"post\" class=\"wpcf7-form init\" aria-label=\"Contact form\" novalidate=\"novalidate\" data-status=\"init\">\n<div style=\"display: none;\">\n<input type=\"hidden\" name=\"_wpcf7\" value=\"662\" \/>\n<input type=\"hidden\" name=\"_wpcf7_version\" value=\"6.0\" \/>\n<input type=\"hidden\" name=\"_wpcf7_locale\" value=\"en_US\" \/>\n<input type=\"hidden\" name=\"_wpcf7_unit_tag\" value=\"wpcf7-f662-o1\" \/>\n<input type=\"hidden\" name=\"_wpcf7_container_post\" value=\"0\" \/>\n<input type=\"hidden\" name=\"_wpcf7_posted_data_hash\" value=\"\" \/>\n<\/div>\n<p><label> Pr\u00e9nom<br \/>\n<span class=\"wpcf7-form-control-wrap\" data-name=\"your-name\"><input size=\"40\" maxlength=\"400\" class=\"wpcf7-form-control wpcf7-text wpcf7-validates-as-required\" aria-required=\"true\" aria-invalid=\"false\" value=\"\" type=\"text\" name=\"your-name\" \/><\/span> <\/label>\n<\/p>\n<p><label> Email<br \/>\n<span class=\"wpcf7-form-control-wrap\" data-name=\"your-email\"><input size=\"40\" maxlength=\"400\" class=\"wpcf7-form-control wpcf7-email wpcf7-validates-as-required wpcf7-text wpcf7-validates-as-email\" aria-required=\"true\" aria-invalid=\"false\" value=\"\" type=\"email\" name=\"your-email\" \/><\/span> <\/label>\n<\/p>\n<p><label> Objet<br \/>\n<span class=\"wpcf7-form-control-wrap\" data-name=\"your-subject\"><input size=\"40\" maxlength=\"400\" class=\"wpcf7-form-control wpcf7-text\" aria-invalid=\"false\" value=\"\" type=\"text\" name=\"your-subject\" \/><\/span> <\/label>\n<\/p>\n<p><label> Messsage<br \/>\n<span class=\"wpcf7-form-control-wrap\" data-name=\"your-message\"><textarea cols=\"40\" rows=\"10\" maxlength=\"2000\" class=\"wpcf7-form-control wpcf7-textarea\" aria-invalid=\"false\" name=\"your-message\"><\/textarea><\/span> <\/label>\n<\/p>\n<p><input class=\"wpcf7-form-control wpcf7-submit has-spinner\" type=\"submit\" value=\"Envoyer\" \/>\n<\/p><p style=\"display: none !important;\" class=\"akismet-fields-container\" data-prefix=\"_wpcf7_ak_\"><label>&#916;<textarea name=\"_wpcf7_ak_hp_textarea\" cols=\"45\" rows=\"8\" maxlength=\"100\"><\/textarea><\/label><input type=\"hidden\" id=\"ak_js_1\" name=\"_wpcf7_ak_js\" value=\"156\"\/><script>document.getElementById( \"ak_js_1\" ).setAttribute( \"value\", ( new Date() ).getTime() );<\/script><\/p><div class=\"wpcf7-response-output\" aria-hidden=\"true\"><\/div>\n<\/form>\n<\/div>\n[\/et_pb_code][\/et_pb_column][\/et_pb_row][\/et_pb_section][et_pb_section fb_built=\u00a0\u00bb1&Prime; fullwidth=\u00a0\u00bbon\u00a0\u00bb _builder_version=\u00a0\u00bb4.4.7&Prime;][et_pb_fullwidth_image src=\u00a0\u00bbhttp:\/\/www.imagoformation.ch\/wp-content\/uploads\/2020\/04\/Banners1.png\u00a0\u00bb title_text=\u00a0\u00bbBanners1&Prime; _builder_version=\u00a0\u00bb4.4.7&Prime;][\/et_pb_fullwidth_image][\/et_pb_section]<\/p>\n<span class=\"et_bloom_bottom_trigger\"><\/span>","protected":false},"excerpt":{"rendered":"<p>LUDOLOGUES EN ACTION \u00ab Il faut savoir jouer avec le savoir. Le jeu est la respiration de l&rsquo;effort, l&rsquo;autre battement du coeur, il ne nuit pas au s\u00e9rieux de l&rsquo;apprentissage, il en est le contrepoint. \u00bb \u00a0 \u00a0 \u00a0 \u00a0 \u00a0 \u00a0 \u00a0 \u00a0 \u00a0 \u00a0 \u00a0 \u00a0 \u00a0 \u00a0 \u00a0 \u00a0 \u00a0 \u00a0 \u00a0 [&hellip;]<\/p>\n","protected":false},"author":1,"featured_media":0,"parent":0,"menu_order":0,"comment_status":"closed","ping_status":"closed","template":"","meta":{"_et_pb_use_builder":"on","_et_pb_old_content":"","_et_gb_content_width":"","footnotes":""},"class_list":["post-139","page","type-page","status-publish","hentry"],"_links":{"self":[{"href":"https:\/\/www.imagoformation.ch\/index.php?rest_route=\/wp\/v2\/pages\/139"}],"collection":[{"href":"https:\/\/www.imagoformation.ch\/index.php?rest_route=\/wp\/v2\/pages"}],"about":[{"href":"https:\/\/www.imagoformation.ch\/index.php?rest_route=\/wp\/v2\/types\/page"}],"author":[{"embeddable":true,"href":"https:\/\/www.imagoformation.ch\/index.php?rest_route=\/wp\/v2\/users\/1"}],"replies":[{"embeddable":true,"href":"https:\/\/www.imagoformation.ch\/index.php?rest_route=%2Fwp%2Fv2%2Fcomments&post=139"}],"version-history":[{"count":13,"href":"https:\/\/www.imagoformation.ch\/index.php?rest_route=\/wp\/v2\/pages\/139\/revisions"}],"predecessor-version":[{"id":1216,"href":"https:\/\/www.imagoformation.ch\/index.php?rest_route=\/wp\/v2\/pages\/139\/revisions\/1216"}],"wp:attachment":[{"href":"https:\/\/www.imagoformation.ch\/index.php?rest_route=%2Fwp%2Fv2%2Fmedia&parent=139"}],"curies":[{"name":"wp","href":"https:\/\/api.w.org\/{rel}","templated":true}]}}