{"id":653,"date":"2019-11-26T00:00:02","date_gmt":"2019-11-25T23:00:02","guid":{"rendered":"http:\/\/www.imagoformation.ch\/?page_id=653"},"modified":"2020-06-08T17:51:33","modified_gmt":"2020-06-08T15:51:33","slug":"le-jeu-de-role-ludologues-en-action-ii","status":"publish","type":"page","link":"http:\/\/www.imagoformation.ch\/?page_id=653","title":{"rendered":"Ludologues en action II: Le jeu de r\u00f4le en salle de classe"},"content":{"rendered":"<p>[et_pb_section fb_built=\u00a0\u00bb1&Prime; _builder_version=\u00a0\u00bb4.0.6&Prime; min_height=\u00a0\u00bb689px\u00a0\u00bb][et_pb_row _builder_version=\u00a0\u00bb4.4.7&Prime;][et_pb_column type=\u00a0\u00bb4_4&Prime; _builder_version=\u00a0\u00bb4.4.7&Prime;][et_pb_image src=\u00a0\u00bbhttp:\/\/www.imagoformation.ch\/wp-content\/uploads\/2020\/02\/IMAGO-Ilustraciones-02.png\u00a0\u00bb title_text=\u00a0\u00bbIMAGO Ilustraciones-02&Prime; _builder_version=\u00a0\u00bb4.4.7&Prime;][\/et_pb_image][\/et_pb_column][\/et_pb_row][et_pb_row column_structure=\u00a0\u00bb1_2,1_2&Prime; _builder_version=\u00a0\u00bb4.0.6&Prime;][et_pb_column type=\u00a0\u00bb1_2&Prime; _builder_version=\u00a0\u00bb4.0.6&Prime;][et_pb_text _builder_version=\u00a0\u00bb4.4.2&Prime;]<\/p>\n<p style=\"text-align: justify;\"><b>LUDOLOGUES EN ACTION II<\/b><\/p>\n<p style=\"text-align: justify;\"><b> Le jeu de r\u00f4le en salle de classe<\/b><\/p>\n<p style=\"text-align: justify;\"><b><\/b><\/p>\n<p><i>\u00ab Parfois je pense ; et parfois je suis. \u00bb<\/i><\/p>\n<p><span style=\"font-weight: 400;\">\u00a0 \u00a0 \u00a0 \u00a0 \u00a0 \u00a0 \u00a0 \u00a0 \u00a0 \u00a0 \u00a0 \u00a0 \u00a0 \u00a0 \u00a0 \u00a0 \u00a0 \u00a0 \u00a0 \u00a0 \u00a0 \u00a0 \u00a0 \u00a0 \u00a0 Paul Val\u00e9ry<\/span><\/p>\n<p>\u00a0<strong>Descriptif<\/strong><\/p>\n<p style=\"text-align: justify;\">Nous apprenons en lisant, en \u00e9coutant l\u2019autre, en assistant \u00e0 des d\u00e9monstrations et aussi par la pratique, en faisant les choses nous-m\u00eames. Les jeux de r\u00f4les simulent des situations r\u00e9elles et permettent aux joueurs de tester leurs nouvelles comp\u00e9tences.<\/p>\n<p style=\"text-align: justify;\">Les participants ont la possibilit\u00e9 d\u2019observer la situation d\u2019un point de vue diff\u00e9rent de celui qu\u2019ils auraient dans la situation r\u00e9elle. C\u2019est un avantage important de la m\u00e9thode.<\/p>\n<p style=\"text-align: justify;\">Lors de cette journ\u00e9e de formation, nous travaillerons sur\u00a0la diff\u00e9rence entre\u00a0 \u00ab Jeu de r\u00f4le \u00bb, \u00ab Mise en situation \u00bb et \u00ab Simulation \u00bb. Nous expliciterons leurs diff\u00e9rentes caract\u00e9ristiques et nous aurons les \u00e9l\u00e9ments n\u00e9cessaires pour les mettre en place de mani\u00e8re cr\u00e9dible.<\/p>\n<p style=\"text-align: justify;\">Voulez-vous jouer le jeu ?<\/p>\n<p style=\"text-align: justify;\"><strong><\/strong><\/p>\n<p style=\"text-align: justify;\"><strong>Contenu<\/strong><\/p>\n<p style=\"text-align: justify;\">L\u2019ABC de la mise en place d\u2019un jeu de r\u00f4le<\/p>\n<p style=\"text-align: justify;\"><strong>Objectifs<\/strong><\/p>\n<p style=\"text-align: justify;\">&#8211; diff\u00e9rencier jeu de r\u00f4le, mise en situation et simulation<\/p>\n<p style=\"text-align: justify;\">&#8211; concevoir des jeux de r\u00f4les efficaces<\/p>\n<p style=\"text-align: justify;\">&#8211; animer un jeu de r\u00f4le de mani\u00e8re ad\u00e9quate<\/p>\n<p style=\"text-align: justify;\"><strong><\/strong><\/p>\n<p style=\"text-align: justify;\"><strong>Public cible<\/strong><\/p>\n<p style=\"text-align: justify;\">Formateurs \/ Professeurs \/ Instituteurs \/ Ma\u00eetres de formation \/ Enseignants<\/p>\n<p>[\/et_pb_text][\/et_pb_column][et_pb_column type=\u00a0\u00bb1_2&Prime; _builder_version=\u00a0\u00bb4.0.6&Prime;][et_pb_code _builder_version=\u00a0\u00bb4.0.7&Prime; background_color=\u00a0\u00bbrgba(0,0,0,0)\u00a0\u00bb text_orientation=\u00a0\u00bbleft\u00a0\u00bb]\n<div class=\"wpcf7 no-js\" id=\"wpcf7-f662-o1\" lang=\"en-US\" dir=\"ltr\" data-wpcf7-id=\"662\">\n<div class=\"screen-reader-response\"><p role=\"status\" aria-live=\"polite\" aria-atomic=\"true\"><\/p> <ul><\/ul><\/div>\n<form action=\"\/index.php?rest_route=%2Fwp%2Fv2%2Fpages%2F653#wpcf7-f662-o1\" method=\"post\" class=\"wpcf7-form init\" aria-label=\"Contact form\" novalidate=\"novalidate\" data-status=\"init\">\n<div style=\"display: none;\">\n<input type=\"hidden\" name=\"_wpcf7\" value=\"662\" \/>\n<input type=\"hidden\" name=\"_wpcf7_version\" value=\"6.0\" \/>\n<input type=\"hidden\" name=\"_wpcf7_locale\" value=\"en_US\" \/>\n<input type=\"hidden\" name=\"_wpcf7_unit_tag\" value=\"wpcf7-f662-o1\" \/>\n<input type=\"hidden\" name=\"_wpcf7_container_post\" value=\"0\" \/>\n<input type=\"hidden\" name=\"_wpcf7_posted_data_hash\" value=\"\" \/>\n<\/div>\n<p><label> Pr\u00e9nom<br \/>\n<span class=\"wpcf7-form-control-wrap\" data-name=\"your-name\"><input size=\"40\" maxlength=\"400\" class=\"wpcf7-form-control wpcf7-text wpcf7-validates-as-required\" aria-required=\"true\" aria-invalid=\"false\" value=\"\" type=\"text\" name=\"your-name\" \/><\/span> <\/label>\n<\/p>\n<p><label> Email<br \/>\n<span class=\"wpcf7-form-control-wrap\" data-name=\"your-email\"><input size=\"40\" maxlength=\"400\" class=\"wpcf7-form-control wpcf7-email wpcf7-validates-as-required wpcf7-text wpcf7-validates-as-email\" aria-required=\"true\" aria-invalid=\"false\" value=\"\" type=\"email\" name=\"your-email\" \/><\/span> <\/label>\n<\/p>\n<p><label> Objet<br \/>\n<span class=\"wpcf7-form-control-wrap\" data-name=\"your-subject\"><input size=\"40\" maxlength=\"400\" class=\"wpcf7-form-control wpcf7-text\" aria-invalid=\"false\" value=\"\" type=\"text\" name=\"your-subject\" \/><\/span> <\/label>\n<\/p>\n<p><label> Messsage<br \/>\n<span class=\"wpcf7-form-control-wrap\" data-name=\"your-message\"><textarea cols=\"40\" rows=\"10\" maxlength=\"2000\" class=\"wpcf7-form-control wpcf7-textarea\" aria-invalid=\"false\" name=\"your-message\"><\/textarea><\/span> <\/label>\n<\/p>\n<p><input class=\"wpcf7-form-control wpcf7-submit has-spinner\" type=\"submit\" value=\"Envoyer\" \/>\n<\/p><p style=\"display: none !important;\" class=\"akismet-fields-container\" data-prefix=\"_wpcf7_ak_\"><label>&#916;<textarea name=\"_wpcf7_ak_hp_textarea\" cols=\"45\" rows=\"8\" maxlength=\"100\"><\/textarea><\/label><input type=\"hidden\" id=\"ak_js_1\" name=\"_wpcf7_ak_js\" value=\"244\"\/><script>document.getElementById( \"ak_js_1\" ).setAttribute( \"value\", ( new Date() ).getTime() );<\/script><\/p><div class=\"wpcf7-response-output\" aria-hidden=\"true\"><\/div>\n<\/form>\n<\/div>\n[\/et_pb_code][\/et_pb_column][\/et_pb_row][\/et_pb_section][et_pb_section fb_built=\u00a0\u00bb1&Prime; fullwidth=\u00a0\u00bbon\u00a0\u00bb _builder_version=\u00a0\u00bb4.4.7&Prime;][et_pb_fullwidth_image src=\u00a0\u00bbhttp:\/\/www.imagoformation.ch\/wp-content\/uploads\/2020\/04\/Banners1.png\u00a0\u00bb title_text=\u00a0\u00bbBanners1&Prime; _builder_version=\u00a0\u00bb4.4.7&Prime;][\/et_pb_fullwidth_image][\/et_pb_section]<\/p>\n<span class=\"et_bloom_bottom_trigger\"><\/span>","protected":false},"excerpt":{"rendered":"<p>LUDOLOGUES EN ACTION II Le jeu de r\u00f4le en salle de classe \u00ab Parfois je pense ; et parfois je suis. \u00bb \u00a0 \u00a0 \u00a0 \u00a0 \u00a0 \u00a0 \u00a0 \u00a0 \u00a0 \u00a0 \u00a0 \u00a0 \u00a0 \u00a0 \u00a0 \u00a0 \u00a0 \u00a0 \u00a0 \u00a0 \u00a0 \u00a0 \u00a0 \u00a0 \u00a0 Paul Val\u00e9ry \u00a0Descriptif Nous apprenons en lisant, en [&hellip;]<\/p>\n","protected":false},"author":2,"featured_media":0,"parent":0,"menu_order":0,"comment_status":"closed","ping_status":"closed","template":"","meta":{"_et_pb_use_builder":"on","_et_pb_old_content":"","_et_gb_content_width":"","footnotes":""},"class_list":["post-653","page","type-page","status-publish","hentry"],"_links":{"self":[{"href":"http:\/\/www.imagoformation.ch\/index.php?rest_route=\/wp\/v2\/pages\/653"}],"collection":[{"href":"http:\/\/www.imagoformation.ch\/index.php?rest_route=\/wp\/v2\/pages"}],"about":[{"href":"http:\/\/www.imagoformation.ch\/index.php?rest_route=\/wp\/v2\/types\/page"}],"author":[{"embeddable":true,"href":"http:\/\/www.imagoformation.ch\/index.php?rest_route=\/wp\/v2\/users\/2"}],"replies":[{"embeddable":true,"href":"http:\/\/www.imagoformation.ch\/index.php?rest_route=%2Fwp%2Fv2%2Fcomments&post=653"}],"version-history":[{"count":11,"href":"http:\/\/www.imagoformation.ch\/index.php?rest_route=\/wp\/v2\/pages\/653\/revisions"}],"predecessor-version":[{"id":1212,"href":"http:\/\/www.imagoformation.ch\/index.php?rest_route=\/wp\/v2\/pages\/653\/revisions\/1212"}],"wp:attachment":[{"href":"http:\/\/www.imagoformation.ch\/index.php?rest_route=%2Fwp%2Fv2%2Fmedia&parent=653"}],"curies":[{"name":"wp","href":"https:\/\/api.w.org\/{rel}","templated":true}]}}