{"id":281,"date":"2019-09-13T22:44:07","date_gmt":"2019-09-13T20:44:07","guid":{"rendered":"http:\/\/www.imagoformation.ch\/?page_id=281"},"modified":"2020-06-08T17:46:11","modified_gmt":"2020-06-08T15:46:11","slug":"imago","status":"publish","type":"page","link":"http:\/\/www.imagoformation.ch\/?page_id=281","title":{"rendered":"Imago Compte"},"content":{"rendered":"<p>[et_pb_section fb_built=\u00a0\u00bb1&Prime; _builder_version=\u00a0\u00bb3.27.3&Prime;][et_pb_row column_structure=\u00a0\u00bb1_2,1_2&Prime; _builder_version=\u00a0\u00bb3.27.3&Prime;][et_pb_column type=\u00a0\u00bb1_2&Prime; _builder_version=\u00a0\u00bb3.27.3&Prime;][et_pb_text _builder_version=\u00a0\u00bb4.4.7&Prime; hover_enabled=\u00a0\u00bb0&Prime;]<\/p>\n<h1 style=\"text-align: center;\"><i>IMAGO\u00a0<\/i><\/h1>\n<p><i><\/i><\/p>\n<p style=\"text-align: justify;\"><i>Il \u00e9tait une fois, il y a tr\u00e8s tr\u00e8s longtemps, dans des temps pr\u00e9historiques, dans une contr\u00e9e tr\u00e8s tr\u00e8s lointaine, un petit village compl\u00e8tement perdu au milieu de nulle part. Le chef de ce petit village s\u2019appelait Potier, et comme son nom l\u2019indique, il \u00e9tait Potier. C\u2019\u00e9tait un chef respect\u00e9 et aim\u00e9 de tous. Ce vieil homme s\u2019\u00e9tait mari\u00e9, il y a tr\u00e8s longtemps et avait eu des enfants. Ses enfants s\u2019\u00e9taient mari\u00e9s \u00e0 leur tour et avaient eu eux aussi des enfants. Parmi les petits-fils de Potier \u00e9tait un jeune enfant appel\u00e9 Imago. C\u2019\u00e9tait un enfant tr\u00e8s laid. A cause de sa laideur, personne ne l\u2019aimaient et les autres enfants le rejetaient, le battaient, se moquaient de lui. Lorsque qu\u2019Imago voulait jouer avec les autres enfants, ceux-ci lui jetaient des pierres ou lui donnaient des coups de b\u00e2ton. Imago avait toujours la t\u00eate caboss\u00e9e, pleine de plaies et de bleus ce qui le rendait encore plus laid et faisait qu\u2019il \u00e9tait encore plus rejet\u00e9. Imago apprit donc \u00e0 vivre seul, \u00e0 s\u2019occuper tout seul dans son coin.<\/i><\/p>\n<p style=\"text-align: justify;\"><i>Pour s\u2019occuper tout seul, Imago finit, avec des petits b\u00e2tons \u00e0 s\u2019amuser \u00e0 tracer des choses sur le sol, puis il apprit \u00e0 tracer une maison, un animal, un arbre. Il apprit le dessin. Comme il n\u2019avait que cela \u00e0 faire car il n\u2019y avait pas d\u2019occupation pour les enfants seuls \u00e0 cette \u00e9poque-l\u00e0, Imago finit par r\u00e9ussir \u00e0 faire de tr\u00e8s belles repr\u00e9sentations de maisons, d\u2019animaux ou d\u2019arbres sur le sol et m\u00eame des repr\u00e9sentations de personnes du village. Les autres ne comprenaient pas ce qu\u2019il faisait et commenc\u00e8rent \u00e0 avoir peur de lui. Tout le monde se demandait si Imago n\u2019\u00e9tait pas un sorcier. Les repr\u00e9sentations des visages que faisait Imago sur le sol devinrent si ressemblantes que si la personne repr\u00e9sent\u00e9e voyait le dessin de son visage, elle avait l\u2019impression de se voir dans le miroir de la surface de l\u2019eau au fond du puits. Si quelqu\u2019un\u00a0se voyait repr\u00e9sent\u00e9 par un dessin d\u2019Imago, il pouvait croire qu\u2019Imago lui avait vol\u00e9 son \u00e2me. Ce qui faisait tr\u00e8s peur \u00e0 tout le monde dans le village. Les autres enfants se mirent \u00e0 surveiller Imago. Quand ils le voyaient faire un dessin sur le sol, ils attendaient qu\u2019Imago s\u2019en aille pour aller voir le dessin et s\u2019ils reconnaissaient quelqu\u2019un du village, ils prenaient des pierres et des b\u00e2tons pour aller battre Imago et le punir.<\/i><\/p>\n<p style=\"text-align: justify;\"><i>Imago qui \u00e9tait d\u00e9j\u00e0 depuis tr\u00e8s longtemps tr\u00e8s malheureux devint encore plus seul et vraiment vraiment encore plus malheureux. Imago se plaignait souvent de ses malheurs aupr\u00e8s de son grand-p\u00e8re Potier, le chef du village, mais \u00e0 chaque fois son grand-p\u00e8re lui disait : \u00ab Mais ne t\u2019inqui\u00e8te donc pas, tout finira par s\u2019arranger \u00bb. Cependant rien ne s\u2019arrangeait et tout devint de pire en pire pour Imago.<\/i><\/p>\n<p style=\"text-align: justify;\"><i>Pour \u00e9viter de se faire battre, Imago arr\u00eata de dessiner sur le sol et commen\u00e7a \u00e0 dessiner en cachette, sur des planches de bois, sur des bouts de poterie, sur des morceaux de peaux. Il se fit un petit baluchon dans lequel il mit toutes sortes de crayons : des b\u00e2tons de couleur rouge ou noir, des pierres de craie blanche ou jaune, ou bleu, ou verte. Il pouvait ainsi dessiner partout o\u00f9 il allait et cela en cachette de tout le monde. Mais les m\u00e9chants enfants qui le surveillaient finissaient toujours par trouver les dessins et par battre le pauvre Imago. Sa vie \u00e9tait vraiment devenue insupportable.<\/i><\/p>\n<p style=\"text-align: justify;\"><i>Un jour grand-p\u00e8re Potier fit venir Imago dans sa maison. Imago ob\u00e9it et voici ce que son grand-p\u00e8re Potier lui dit : \u00ab Je vois bien que ta vie est devenue insupportable. Tu dois partir. Je ne te chasse pas du village, mais tu dois partir pour aller chercher un grand tr\u00e9sor. Tu vas marcher, marcher, marcher dans la direction du soleil levant. Tu finiras par trouver une tr\u00e8s grande prairie et au milieu de cette prairie, tu trouveras un tr\u00e8s grand et tr\u00e8s vieil arbre, et au pied de cet arbre immense tu trouveras un tr\u00e9sor \u00bb.<\/i><\/p>\n<p style=\"text-align: justify;\"><i>Imago reprit espoir. Il prit son petit baluchon, un petit morceau de pain et partit dans la direction du soleil levant. Il marcha, marcha, marcha, tr\u00e8s tr\u00e8s longtemps jusqu\u2019\u00e0 ce qu\u2019il aper\u00e7oive \u00e0 l\u2019horizon de grandes montagnes. Imago se dit que ce ne pouvait pas \u00eatre l\u00e0 que se trouvait la prairie et que la grande prairie avec l\u2019arbre g\u00e9ant devait se trouver derri\u00e8re ces montagnes. Imago d\u00e9cida donc de gravir la montagne.<\/i><\/p>\n<p style=\"text-align: justify;\"><i>L\u2019ascension fut rude et difficile. Imago avait d\u00e9j\u00e0 mang\u00e9 son petit morceau de pain depuis bien longtemps. La nuit commen\u00e7ait \u00e0 tomber et la faim commen\u00e7ait \u00e0 le tenailler. Dans la montagne, il aper\u00e7ut un petit cerf et d\u00e9cida de le tuer pour s\u2019en faire un repas. Il fabriqua une lance avec une branche droite et se mit \u00e0 la chasse. Il s\u2019approcha du cerf, lan\u00e7a sur lui sa lance de toutes ses petites forces, la lance voltigea dans les airs, toucha l\u2019animal qui tomba \u00e0 terre, mort. La nuit \u00e9tait d\u00e9j\u00e0 presque tomb\u00e9e et Imago ne pouvait pas manger le cerf car il ne savait pas encore faire du feu pour en cuire la viande. Il se dit qu\u2019il essaierait de faire un feu le lendemain matin, en essayant d\u2019imiter les grandes personnes du village, en frottant deux b\u00e2tons rapidement et avec force. Ayant peur des dangers de la nuit, Imago trouva un petit coin \u00e0 l\u2019abri pour dormir et garda le corps du cerf aupr\u00e8s de lui.<\/i><\/p>\n<p style=\"text-align: justify;\"><i>La nuit passa et le lendemain matin, Imago fut r\u00e9veill\u00e9 en sursaut par une piq\u00fbre violente. Autour de lui des chasseurs pointaient sur lui leurs lances aiguis\u00e9es. Imago \u00e9tait terroris\u00e9. L\u2019un des chasseurs prit la parole et lui dit : \u00ab Tu as tu\u00e9 un cerf sur notre territoire de chasse. Ce cerf nous appartenait et tu n\u2019avais pas le droit de le tuer sans nous en demander la permission. Pour cette faute, ce crime, tu seras jug\u00e9 par notre grand sorcier dans notre village \u00bb. Les chasseurs attrap\u00e8rent Imago, le ficel\u00e8rent et l\u2019emport\u00e8rent avec eux attach\u00e9 \u00e0 un b\u00e2ton jusqu\u2019\u00e0 leur village.<\/i><\/p>\n<p style=\"text-align: justify;\"><i>Arriv\u00e9s \u00e0 leur village, les chasseurs appel\u00e8rent le grand sorcier pour qu\u2019Imago soit jug\u00e9. Le grand sorcier qui portait un masque effrayant, s\u2019approcha. Les chasseurs lui expliqu\u00e8rent le crime d\u2019Imago. Le grand sorcier regarda s\u00e9v\u00e8rement Imago et lui dit : \u00ab Nous avons peu de gibier et nous sommes oblig\u00e9s d\u2019aller de plus en plus loin pour trouver des cerfs, des sangliers, des chevreuils. Nous mourons presque de faim, et toi, l\u2019\u00e9tranger, tu te permets de venir dans notre territoire de chasse pour tuer l\u2019un de nos cerfs. C\u2019est un crime terrible contre nous. Pour ce crime, tu dois mourir. Demain tu seras attach\u00e9 \u00e0 un arbre et nous te transpercerons de fl\u00e8ches pour te mettre \u00e0 mort \u00bb. Le grand sorcier parti, Imago fut attach\u00e9 \u00e0 un arbre.<\/i><\/p>\n<p style=\"text-align: justify;\"><i>Imago avait terriblement peur, mais comme il \u00e9tait habitu\u00e9 au malheur, il r\u00e9fl\u00e9chit. Il r\u00e9fl\u00e9chit longtemps. Il r\u00e9fl\u00e9chit presque toute la journ\u00e9e. Il se dit qu\u2019il pourrait \u00eatre sauv\u00e9 s\u2019il faisait quelque chose pour rendre service \u00e0 ces chasseurs. Alors qu\u2019un chasseur passa pr\u00e8s de lui, Imago lui demanda d\u2019appeler le grand sorcier et qu\u2019il avait quelque chose de tr\u00e8s important \u00e0 lui dire. Le chasseur alla chercher le grand sorcier qui arriva peu apr\u00e8s. Imago lui dit : \u00ab Je peux faire quelque chose pour votre village. Laissez-moi la libert\u00e9 ce soir de faire quelque chose sur votre maison et demain vous verrez qu\u2019un grand et merveilleux changement aura eu lieu dans votre village \u00bb. Le grand sorcier \u00e9tait incr\u00e9dule, mais il se dit qu\u2019il n\u2019avait rien \u00e0 perdre. Il autorisa donc Imago \u00e0 faire quelque chose sur sa maison, mais sous la bonne garde d\u2019un chasseur qui avait ordre de le tuer si Imago essayait de s\u2019enfuir ou s\u2019il faisait quelque chose de mal.<\/i><\/p>\n<p style=\"text-align: justify;\"><i>Imago fut d\u00e9tach\u00e9, il prit son baluchon, en sortit ses crayons et ses pierres de couleur et commen\u00e7a \u00e0 faire quelque chose sur les murs ext\u00e9rieurs de la maison du grand sorcier. La nuit tomba et on ne pouvait pas voir ce qu\u2019il avait dessin\u00e9 sur les murs.<\/i><\/p>\n<p style=\"text-align: justify;\"><i>Le lendemain, au r\u00e9veil du village, les chasseurs trouv\u00e8rent, comme par miracle, aupr\u00e8s de la maison du grand sorcier toute sorte de gibier : des sangliers, des cerfs, des biches, des chevreuils. Les chasseurs s\u2019en saisirent pour les tuer afin d\u2019en manger la viande, mais personne ne comprenait pourquoi ces animaux sauvages s\u2019\u00e9taient approch\u00e9s aussi pr\u00e8s du village et m\u00eame dans le village lui-m\u00eame. Les cris de joie des gens du village qui mouraient presque de faim r\u00e9veill\u00e8rent le grand sorcier qui sortit de sa maison et qui fut tr\u00e8s surpris de voir dessin\u00e9s sur ses murs de remarquables dessins d\u2019animaux. Et l\u00e0 il comprit. Il fit venir Imago et lui dit : \u00ab Avec les images d\u2019animaux que tu as dessin\u00e9es sur ma maison, les animaux sauvages n\u2019ont plus peur de nous, ils n\u2019ont plus peur de l\u2019homme et au lieu de s\u2019enfuir, s\u2019approchent de notre village. Tu nous as sauv\u00e9 la vie. Tu as la vie sauve. Nous te redonnons la libert\u00e9. Mais avant de partir nous te demandons de reproduire des images d\u2019animaux sur toutes les maisons du village \u00bb. Imago, heureux d\u2019avoir \u00e9t\u00e9 sauv\u00e9 par sa bonne id\u00e9e, accepta la demande du grand sorcier et dessina des animaux sur toutes les maisons du village. Quand il eut fini, les chasseurs lui donn\u00e8rent de quoi manger et le laiss\u00e8rent partir.<\/i><\/p>\n<p style=\"text-align: justify;\"><i>Imago prit alors la direction que lui avait indiqu\u00e9e son grand-p\u00e8re. Il marcha vers le soleil levant. Il descendit de la montagne et p\u00e9n\u00e9tra dans une immense for\u00eat sombre et myst\u00e9rieuse. Les bruits de la for\u00eat, les cris des animaux, les feuilles des arbres qui cachaient le soleil, les craquements des branches, tout \u00e9tait effrayant. Pourtant, Imago marcha, marcha, marcha longtemps, pendant plusieurs jours, tant et si bien qu\u2019il finit par ne plus avoir de nourriture et qu\u2019il commen\u00e7ait \u00e0 mourir de faim. Au cinqui\u00e8me jour de marche, il se trouva nez \u00e0 nez avec un grand fleuve infranchissable. La faim le tenaillait. Il observa le fleuve et y vit un gros poisson. Affam\u00e9, Imago se fabriqua un harpon avec une branche, visa le poisson, le transper\u00e7a et le sortit hors de l\u2019eau. La nuit \u00e9tait d\u00e9j\u00e0 presque tomb\u00e9e et Imago ne pouvait pas manger le poisson car il ne savait pas encore faire du feu pour en cuire la viande. Il se dit qu\u2019il essaierait de faire un feu le lendemain matin, en essayant d\u2019imiter les grandes personnes du village, en frottant deux b\u00e2tons rapidement et avec force. Ayant peur des dangers de la nuit, Imago trouva un petit coin \u00e0 l\u2019abri pour dormir et garda le gros poisson aupr\u00e8s de lui.<\/i><\/p>\n<p>[\/et_pb_text][\/et_pb_column][et_pb_column type=\u00a0\u00bb1_2&Prime; _builder_version=\u00a0\u00bb3.27.3&Prime;][et_pb_text content_tablet=\u00a0\u00bb\u00a0\u00bb content_phone=\u00a0\u00bb\u00a0\u00bb content_last_edited=\u00a0\u00bbon|phone\u00a0\u00bb _builder_version=\u00a0\u00bb4.4.7&Prime;]<\/p>\n<p style=\"text-align: justify;\"><i style=\"font-size: 14px;\"><\/i><\/p>\n<p style=\"text-align: justify;\"><i style=\"font-size: 14px;\"><\/i><\/p>\n<p style=\"text-align: justify;\"><i style=\"font-size: 14px;\"><\/i><\/p>\n<p style=\"text-align: justify;\"><i style=\"font-size: 14px;\"><\/i><\/p>\n<p style=\"text-align: justify;\"><i style=\"font-size: 14px;\">La nuit passa et le lendemain matin, Imago fut r\u00e9veill\u00e9 en sursaut par une piq\u00fbre violente. Autour de lui des p\u00eacheurs pointaient sur lui leurs harpons aiguis\u00e9s. Imago \u00e9tait \u00e0 nouveau terroris\u00e9. L\u2019un des p\u00eacheurs prit la parole et lui dit : \u00ab Tu as pris un gros poisson dans notre fleuve. Ce poisson nous appartenait et tu n\u2019avais pas le droit de l\u2019attraper sans nous en demander la permission. Pour cette faute, ce crime, tu seras jug\u00e9 par notre grand sorcier dans notre village \u00bb. Les p\u00eacheurs attrap\u00e8rent Imago, l\u2019enferm\u00e8rent dans leur filet de p\u00eache, le mirent dans leur barque et l\u2019emmen\u00e8rent jusqu\u2019\u00e0 leur village.<\/i><br \/> <i style=\"font-size: 14px;\"><\/i><\/p>\n<p style=\"text-align: justify;\"><i style=\"font-size: 14px;\"><\/i><\/p>\n<p style=\"text-align: justify;\"><i><\/i><\/p>\n<p style=\"text-align: justify;\"><i><\/i><\/p>\n<p style=\"text-align: justify;\"><i>Arriv\u00e9s \u00e0 leur village, les p\u00eacheurs appel\u00e8rent le grand sorcier pour qu\u2019Imago soit jug\u00e9. Le grand sorcier des p\u00eacheurs qui portait lui aussi un masque effrayant, s\u2019approcha d\u2019Imago. Les p\u00eacheurs lui expliqu\u00e8rent le crime d\u2019Imago: la prise du gros poisson dans leur fleuve. Le grand sorcier regarda s\u00e9v\u00e8rement Imago et lui dit: \u00ab Nous avons peu de poissons dans notre fleuve et nous sommes oblig\u00e9s de naviguer de plus en plus loin pour trouver des poissons. Nous mourons presque de faim, et toi, l\u2019\u00e9tranger, tu te permets de p\u00eacher dans notre fleuve pour attraper un de nos poissons. C\u2019est un crime terrible contre nous. Pour ce crime, tu dois mourir. Demain tu seras jet\u00e9 dans le fleuve dans un grand filet avec de grosses pierres pour te noyer \u00bb. Le grand sorcier parti, Imago fut ficel\u00e9 dans un grand filet avec de lourdes pierres.<\/i><\/p>\n<p>&nbsp;<\/p>\n<p style=\"text-align: justify;\"><i>Imago avait terriblement peur, mais comme il \u00e9tait habitu\u00e9 au malheur, il r\u00e9fl\u00e9chit. Il r\u00e9fl\u00e9chit longtemps. Il r\u00e9fl\u00e9chit presque toute la journ\u00e9e. Il se dit qu\u2019il pourrait \u00eatre sauv\u00e9 s\u2019il faisait quelque chose pour rendre service \u00e0 ces p\u00eacheurs. Alors qu\u2019un p\u00eacheur passa pr\u00e8s de lui, Imago lui demanda d\u2019appeler le grand sorcier et qu\u2019il avait quelque chose de tr\u00e8s important \u00e0 lui dire. Le p\u00eacheur alla chercher le grand sorcier qui arriva peu apr\u00e8s. Imago lui dit : \u00ab Je peux faire quelque chose pour votre village. Laissez-moi la libert\u00e9 ce soir de faire quelque chose sur votre barque, et demain lors de la p\u00eache vous verrez qu\u2019un grand et merveilleux changement aura eu lieu \u00bb. Le grand sorcier \u00e9tait incr\u00e9dule, mais il se dit qu\u2019il n\u2019avait rien \u00e0 perdre. Il autorisa donc Imago \u00e0 faire quelque chose sur sa barque, mais sous la bonne garde d\u2019un p\u00eacheur qui avait ordre de le tuer si Imago essayait de s\u2019enfuir ou s\u2019il faisait quelque chose de mal.<\/i><\/p>\n<p>&nbsp;<\/p>\n<p style=\"text-align: justify;\"><i>Imago fut d\u00e9tach\u00e9, il prit son baluchon, en sortit ses crayons et ses pierres de couleur et commen\u00e7a \u00e0 faire quelque chose sur la coque de la barque du grand sorcier. La nuit tomba et on ne pouvait pas voir ce qu\u2019il avait dessin\u00e9 sur la barque.<\/i><\/p>\n<p>&nbsp;<\/p>\n<p style=\"text-align: justify;\"><i>Le lendemain, au r\u00e9veil du village, les p\u00eacheurs, comme tous les jours prirent leurs barques et all\u00e8rent p\u00eacher. Au moment o\u00f9 les p\u00eacheurs qui avaient pris la barque du grand sorcier, mirent l\u2019embarcation \u00e0 l\u2019eau, une multitude de poissons vinrent nager tout autour de la barque. Il suffisait simplement \u00e0 ces p\u00eacheurs de tendre la main pour attraper autant de poissons qu\u2019ils le voulaient, mais personne ne comprenait pourquoi ces poissons s\u2019approchaient aussi pr\u00e8s de la barque. Au bout d\u2019un moment, la barque fut tellement charg\u00e9e de poissons que les p\u00eacheurs durent tirer la barque hors de l\u2019eau. Avec ces \u00e9v\u00e9nements miraculeux, les cris de joie des gens du village qui mouraient presque de faim r\u00e9veill\u00e8rent le grand sorcier qui sortit de sa maison et qui fut tr\u00e8s surpris de voir dessin\u00e9s sur la coque de sa barque de remarquables dessins de poissons. Et l\u00e0 il comprit. Il fit venir Imago et lui dit : \u00abAvec les images de poissons que tu as dessin\u00e9s sur ma barque, les poissons n\u2019ont plus peur de nous, ils n\u2019ont plus peur de l\u2019homme et au lieu de s\u2019enfuir, s\u2019approchent de ma barque. Tu nous as sauv\u00e9 la vie. Tu as la vie sauve. Nous te redonnons la libert\u00e9. Mais avant de partir nous te demandons de faire tes images de poissons sur toutes les barques des p\u00eacheurs du village\u00bb. Imago, heureux d\u2019avoir \u00e9t\u00e9 sauv\u00e9 par sa bonne id\u00e9e, accepta la demande du grand sorcier et dessina des poissons sur toutes les barques des p\u00eacheurs du village. Quand il eut fini, les p\u00eacheurs lui donn\u00e8rent de quoi manger, lui firent traverser le grand fleuve sur l\u2019une de leurs barques et le laiss\u00e8rent partir.<\/i><\/p>\n<p>&nbsp;<\/p>\n<p style=\"text-align: justify;\"><i>Imago prit alors la direction que lui avait indiqu\u00e9e son grand-p\u00e8re. Il marcha vers le soleil levant. Il marcha tant et si bien qu\u2019il arriva dans une immense prairie. Au milieu de cette prairie se dressait un arbre tr\u00e8s grand et tr\u00e8s vieux. Imago s\u2019approcha de l\u2019arbre. Il remarqua bien que quelqu\u2019un \u00e9tait venu ici et avait laiss\u00e9 des objets au pied de l\u2019arbre. Imago en fit le tour et trouva quelques outils en pierre et des morceaux de poterie. Aucun tr\u00e9sor ne se pr\u00e9sentait \u00e0 ses yeux. Il se d\u00e9cida alors \u00e0 creuser au pied de l\u2019arbre. Il creusa tant et si bien, que soudain, son bras s\u2019enfon\u00e7a dans un trou dans le sol. Il ressortit sa main. Elle \u00e9tait toute noire. Imago se demanda ce que c\u2019\u00e9tait, il continua \u00e0 creuser pour regarder ce qu\u2019il y avait dans le trou. Il n\u2019y avait rien, rien que de la suie. Et l\u00e0, il comprit. Il comprit que ce trou \u00e9tait un four de potier et que c\u2019\u00e9tait son grand p\u00e8re qui \u00e9tait venu jusqu\u2019ici il y a tr\u00e8s longtemps. Il comprit que c\u2019\u00e9tait au pied de cet arbre que son grand-p\u00e8re avait fait ses essais de fabrication de poterie et que c\u2019est avec ce savoir-faire qu\u2019il \u00e9tait rentr\u00e9 au village pour en devenir le potier et le chef. Imago comprit alors que la vraie nature du tr\u00e9sor que son grand-p\u00e8re lui avait demand\u00e9 d\u2019aller chercher \u00e9tait son propre savoir-faire, savoir dessiner. C\u2019\u00e9tait lui le vrai tr\u00e9sor, Imago.<\/i><\/p>\n<p>&nbsp;<\/p>\n<p style=\"text-align: justify;\"><i>Imago d\u00e9cida de revenir imm\u00e9diatement chez lui, dans son village. Il retourna sur ses pas, retrouva les p\u00eacheurs sur le fleuve qui cri\u00e8rent : \u00ab C\u2019est Imago, Imago notre sauveur. Hourra, il est revenu \u00bb. Les p\u00eacheurs l\u2019accueillirent comme un grand homme, lui qui n\u2019\u00e9tait qu\u2019un enfant. Ils lui offrirent une multitude de cadeaux : une barque, des filets, des harpons, une \u00e9norme quantit\u00e9 de poissons s\u00e9ch\u00e9s et plein d\u2019autres choses encore. Le grand sorcier des p\u00eacheurs d\u00e9cida que dix hommes accompagneraient Imago jusqu\u2019\u00e0 son village pour porter tous ces cadeaux. Imago et les dix p\u00eacheurs partirent, travers\u00e8rent la for\u00eat, gravirent la montagne. L\u00e0, ils rencontr\u00e8rent les chasseurs qui en le voyant cri\u00e8rent : \u00ab C\u2019est Imago, Imago notre sauveur. Hourra, il est revenu \u00bb. Il fut l\u00e0 encore accueilli comme un grand prince. Les chasseurs lui offrirent une multitude de cadeaux, des lances, des arcs, des fl\u00e8ches et une quantit\u00e9 \u00e9norme de viande. Le grand sorcier des chasseurs d\u00e9cida que dix hommes accompagneraient Imago et les p\u00eacheurs jusqu\u2019au village de son grand-p\u00e8re Potier pour les aider \u00e0 porter tous ces cadeaux. Toute la troupe, Imago et les vingt hommes descendirent de la montagne et march\u00e8rent jusqu\u2019au village d\u2019Imago. L\u00e0, tous les villageois vinrent arriver Imago entour\u00e9 de tous ces hommes joyeux qui le traitaient comme un prince. Personne ne comprit ce qui se passait. Imago ne dit rien, mais les dix p\u00eacheurs et les dix chasseurs dirent \u00e0 tout le monde: <\/i><\/p>\n<p>&nbsp;<\/p>\n<p style=\"text-align: justify;\"><i>\u00ab Imago, c\u2019est un type formidable, il nous a sauv\u00e9 la vie. Il faut qu\u2019il vous apprennent ce qu\u2019il sait faire et vous aurez tout ce que vous voudrez \u00bb. Et en effet, Imago apprit aux gens de son village \u00e0 dessiner et les villageois se mirent \u00e0 faire de magnifiques dessins sur les poteries fabriqu\u00e9es dans le village de Potier. Ces magnifiques poteries eurent un succ\u00e8s fou. Il s\u2019en vendit partout. Des \u00e9trangers faisaient m\u00eame parfois 500 km pour venir en acheter. Le village devint tr\u00e8s riche et prosp\u00e8re. Tout le monde \u00e9tait heureux. Les p\u00eacheurs revenaient r\u00e9guli\u00e8rement pour faire peindre le bois de leur barque et les chasseurs revenaient souvent pour faire peindre le bois de leur maison.<\/i><\/p>\n<p>&nbsp;<\/p>\n<p style=\"text-align: justify;\"><i>Juste avant sa mort, le grand-p\u00e8re Potier dit \u00e0 Imago : \u00ab Tu vois, je t\u2019avais bien dit qu\u2019il ne fallait pas t\u2019inqui\u00e9ter. Le vrai tr\u00e9sor, je savais que tu l\u2019avais en toi. J\u2019ai appris cette le\u00e7on de mon propre grand-p\u00e8re. Savais-tu que mon propre grand-p\u00e8re, ton arri\u00e8re-arri\u00e8re-grand-p\u00e8re s\u2019appelait Feu-de-Bois ? \u00bb. Imago commen\u00e7ait \u00e0 comprendre l\u2019histoire. Lorsque son grand-p\u00e8re mourut, Imago le pleura longtemps.<\/i><\/p>\n<p>&nbsp;<\/p>\n<p style=\"text-align: justify;\"><i>Gr\u00e2ce \u00e0 sa grande renomm\u00e9e, Imago devint le chef de son village, un chef respect\u00e9 et aim\u00e9 de tous. Il se maria, eut des enfants. Ses enfants se mari\u00e8rent et eurent \u00e0 leur tour des enfants. Et, parmi les petits enfants d\u2019Imago, il y avait une petite fille, tr\u00e8s laide. A cause de sa laideur personne ne l\u2019aimait et tout le monde la rejetait, la battait et se moquait d\u2019elle. Elle s\u2019appelait Scripta. Devinez ce qui arriva\u2026 Savez-vous ce qu\u2019Imago avait laiss\u00e9 sur le vieil arbre de la grande prairie ?<\/i><\/p>\n<p>&nbsp;<\/p>\n<p>[\/et_pb_text][\/et_pb_column][\/et_pb_row][\/et_pb_section][et_pb_section fb_built=\u00a0\u00bb1&Prime; fullwidth=\u00a0\u00bbon\u00a0\u00bb _builder_version=\u00a0\u00bb4.0.6&Prime;][et_pb_fullwidth_image src=\u00a0\u00bbhttp:\/\/www.imagoformation.ch\/wp-content\/uploads\/2019\/09\/day_care_img_13.jpg\u00a0\u00bb _builder_version=\u00a0\u00bb4.0.6&Prime;][\/et_pb_fullwidth_image][\/et_pb_section]<\/p>\n<span class=\"et_bloom_bottom_trigger\"><\/span>","protected":false},"excerpt":{"rendered":"<p>IMAGO\u00a0 Il \u00e9tait une fois, il y a tr\u00e8s tr\u00e8s longtemps, dans des temps pr\u00e9historiques, dans une contr\u00e9e tr\u00e8s tr\u00e8s lointaine, un petit village compl\u00e8tement perdu au milieu de nulle part. Le chef de ce petit village s\u2019appelait Potier, et comme son nom l\u2019indique, il \u00e9tait Potier. C\u2019\u00e9tait un chef respect\u00e9 et aim\u00e9 de tous. [&hellip;]<\/p>\n","protected":false},"author":2,"featured_media":0,"parent":0,"menu_order":0,"comment_status":"closed","ping_status":"closed","template":"","meta":{"_et_pb_use_builder":"on","_et_pb_old_content":"","_et_gb_content_width":"","footnotes":""},"class_list":["post-281","page","type-page","status-publish","hentry"],"_links":{"self":[{"href":"http:\/\/www.imagoformation.ch\/index.php?rest_route=\/wp\/v2\/pages\/281"}],"collection":[{"href":"http:\/\/www.imagoformation.ch\/index.php?rest_route=\/wp\/v2\/pages"}],"about":[{"href":"http:\/\/www.imagoformation.ch\/index.php?rest_route=\/wp\/v2\/types\/page"}],"author":[{"embeddable":true,"href":"http:\/\/www.imagoformation.ch\/index.php?rest_route=\/wp\/v2\/users\/2"}],"replies":[{"embeddable":true,"href":"http:\/\/www.imagoformation.ch\/index.php?rest_route=%2Fwp%2Fv2%2Fcomments&post=281"}],"version-history":[{"count":11,"href":"http:\/\/www.imagoformation.ch\/index.php?rest_route=\/wp\/v2\/pages\/281\/revisions"}],"predecessor-version":[{"id":1209,"href":"http:\/\/www.imagoformation.ch\/index.php?rest_route=\/wp\/v2\/pages\/281\/revisions\/1209"}],"wp:attachment":[{"href":"http:\/\/www.imagoformation.ch\/index.php?rest_route=%2Fwp%2Fv2%2Fmedia&parent=281"}],"curies":[{"name":"wp","href":"https:\/\/api.w.org\/{rel}","templated":true}]}}