{"id":148,"date":"2019-09-08T09:41:12","date_gmt":"2019-09-08T07:41:12","guid":{"rendered":"http:\/\/www.imagoformation.ch\/?page_id=148"},"modified":"2020-06-05T14:27:57","modified_gmt":"2020-06-05T12:27:57","slug":"qui-sommes-nous","status":"publish","type":"page","link":"http:\/\/www.imagoformation.ch\/?page_id=148","title":{"rendered":"Qui sommes-nous"},"content":{"rendered":"<p>[et_pb_section fb_built=\u00a0\u00bb1&Prime; _builder_version=\u00a0\u00bb3.27.3&Prime; background_image=\u00a0\u00bbhttp:\/\/www.imagoformation.ch\/wp-content\/uploads\/2019\/09\/cielobajar.jpg\u00a0\u00bb][et_pb_row _builder_version=\u00a0\u00bb3.27.3&Prime;][et_pb_column type=\u00a0\u00bb4_4&Prime; _builder_version=\u00a0\u00bb3.27.3&Prime;][et_pb_text content_tablet=\u00a0\u00bb\u00a0\u00bb content_phone=\u00a0\u00bb<\/p>\n<h1><span style=%22color: #ffffff;%22><strong><\/strong><\/span><\/h1>\n<h1><span style=%22color: #ffffff;%22><strong><\/strong><\/span><\/h1>\n<h1><span style=%22color: #ffffff;%22><strong><\/strong><\/span><\/h1>\n<h1><span style=%22color: #ffffff;%22><strong><\/strong><\/span><\/h1>\n<h1><span style=%22color: #ffffff;%22><strong>Bienvenue \u00e0 ImagoFormation!<\/strong><\/span><\/h1>\n<p><span style=%22color: #ffffff;%22><strong><\/strong><\/span><\/p>\n<p><span style=%22color: #ffffff;%22><strong><\/strong><\/span><\/p>\n<p><span style=%22color: #ffffff;%22> <em>Devant un groupe, le formateur d\u2019adultes se trouve devant diverses n\u00e9cessit\u00e9s :<\/em><\/span><\/p>\n<p><span style=%22color: #ffffff;%22><em> \u00e9quilibrer les personnalit\u00e9s en pr\u00e9sence, <\/em><\/span><\/p>\n<p><span style=%22color: #ffffff;%22><em>      apprivoiser l\u2019inattendu,<\/em><\/span><\/p>\n<p><span style=%22color: #ffffff;%22><em>               rebondir sur les silences,<\/em><\/span><\/p>\n<p><span style=%22color: #ffffff;%22><em>                            et tant d\u2019autres encore\u2026<\/em><\/span><\/p>\n<p><span style=%22color: #ffffff;%22><em>Quoi de plus nourrissant que d\u2019utiliser ces situations, pour en faire des outils de progression ?<\/em><\/span><\/p>\n<p><span style=%22color: #ffffff;%22><em>En groupe de travail, l\u2019\u00e9change permet de trouver un \u00e9lan bienvenu, et des tremplins pour assumer notre r\u00f4le.<\/em><\/span><\/p>\n<p><span style=%22color: #ffffff;%22><em>Imago Formation propose donc des formations continues aux formateurs d\u2019adultes, d\u00e9butants ou avanc\u00e9s ; des ouvertures \u00e0 des chefs d\u2019\u00e9quipes diverses, ainsi qu\u2019\u00e0 toute personne travaillant au contact et \u00e0 l\u2019accueil, ou simplement curieuse d\u2019aller \u00e0 la rencontre de l\u2019autre.<\/em><\/span><\/p>\n<p><span style=%22color: #ffffff;%22><em>En \u00e9changeant sur les v\u00e9cus, en partant \u00e0 la d\u00e9couverte de techniques d\u2019animation basiques, ou in\u00e9dites telles le conte, l\u2019humour et la bande dessin\u00e9e, chacun peut enrichir et dynamiser sa pratique, quelle qu\u2019elle soit.<\/em><\/span><\/p>\n<p><span style=%22color: #ffffff;%22><em><\/em><\/span><\/p>\n<p><span style=%22color: #ffffff;%22><a href=%22http:\/\/www.imagoformation.ch\/?page_id=172%22 style=%22color: #ffffff;%22><strong>                        Osez-vous inscrire, jetez-vous ce d\u00e9fi !    <\/strong><\/a><\/span><\/p>\n<p>\u00a0\u00bb content_last_edited=\u00a0\u00bbon|phone\u00a0\u00bb _builder_version=\u00a0\u00bb4.3.2&Prime; background_color=\u00a0\u00bbrgba(0,0,0,0)\u00a0\u00bb background_enable_image=\u00a0\u00bboff\u00a0\u00bb custom_padding=\u00a0\u00bb||0px|||\u00a0\u00bb]<\/p>\n<h1 style=\"text-align: center;\"><span style=\"font-size: large; color: #ffffff;\"><strong><span style=\"font-family: inherit;\">Bienvenue \u00e0 ImagoFormation !<\/span><\/strong><\/span><\/h1>\n<p style=\"text-align: center;\"><span style=\"font-size: large; color: #ffffff;\"><strong><span style=\"font-family: inherit;\"><em>L\u2019envol, la transformation<\/em><\/span><\/strong><\/span><\/p>\n<p style=\"text-align: center;\"><span style=\"color: #ffffff;\"><strong>ImagoFormation <\/strong><em>offre des formations continues aux formateurs d\u2019adultes &#8211; d\u00e9butants ou avanc\u00e9s &#8211;\u00a0ainsi que de nouvelles pistes aux chefs d\u2019\u00e9quipes. Elle s\u2019adresse aussi \u00e0 toute personne en contact avec la client\u00e8le, \u00e0 l\u2019accueil, ou simplement curieuse d\u2019aller \u00e0 la rencontre de l\u2019autre.<\/em><\/span><\/p>\n<p style=\"text-align: center;\"><span style=\"color: #ffffff;\"><em>Partez avec nous \u00e0 la recherche de votre propre style de formateur, d\u00e9couvrez le rayonnement de votre personnalit\u00e9\u00a0!<\/em><\/span><\/p>\n<p style=\"text-align: center;\"><span style=\"color: #ffffff;\"><em>Par l\u2019\u00e9change sur le v\u00e9cu, la d\u00e9couverte de techniques d\u2019animation de base ou in\u00e9dites telles que les contes, l\u2019humour et la bande dessin\u00e9e, chacun peut enrichir et dynamiser sa pratique.<\/em><span style=\"text-decoration: line-through;\"><\/span><\/span><\/p>\n<p style=\"text-align: center;\"><span style=\"color: #ffffff;\"><em><\/em><\/span><\/p>\n<p><span style=\"color: #ffffff;\"><em><\/em><\/span><\/p>\n<p style=\"text-align: center;\"><span style=\"font-size: large; color: #ffffff;\"><strong><span style=\"font-family: inherit;\">Qui est le formateur \u2013 facilitateur d\u2019adultes recherch\u00e9 aujourd\u2019hui\u00a0?<\/span><\/strong><\/span><\/p>\n<p style=\"text-align: center;\"><span style=\"color: #ffffff;\"><em>Celui qui, face \u00e0 un groupe, est capable\u00a0<\/em><em>d\u2019\u00e9quilibrer les personnalit\u00e9s en pr\u00e9sence,\u00a0<\/em><em>d\u2019apprivoiser l\u2019inattendu,<\/em><em>\u00a0de\u00a0rebondir sur les silences,\u00a0<\/em><em>de mettre en \u0153uvre tant d\u2019autres comp\u00e9tences\u2026<\/em><\/span><\/p>\n<p style=\"text-align: center;\"><span style=\"color: #ffffff;\"><em><\/em><\/span><\/p>\n<p style=\"text-align: center;\"><span style=\"color: #ffffff;\"><em>Quel enrichissement cela va repr\u00e9senter pour lui <\/em><\/span><\/p>\n<p style=\"text-align: center;\"><span style=\"color: #ffffff;\"><em>s\u2019il transforme ces situations en outils de progression\u00a0!<\/em><\/span><\/p>\n<p style=\"text-align: center;\"><span style=\"font-size: small; color: #ffffff;\"><strong><span style=\"font-size: medium; font-family: inherit;\"><span style=\"font-size: large;\"><\/span><\/span><\/strong><\/span><\/p>\n<p style=\"text-align: center;\"><span style=\"font-size: small; color: #ffffff;\"><a href=\"http:\/\/www.imagoformation.ch\/?page_id=172\" style=\"color: #ffffff;\"><strong><span style=\"font-size: medium; font-family: inherit;\"><span style=\"font-size: large;\">Osez-vous inscrire, <\/span><\/span><\/strong><\/a><\/span><\/p>\n<p style=\"text-align: center;\"><span style=\"font-size: small; color: #ffffff;\"><a href=\"http:\/\/www.imagoformation.ch\/?page_id=172\" style=\"color: #ffffff;\"><strong><span style=\"font-size: medium; font-family: inherit;\"><span style=\"font-size: large;\">\u00a0 \u00a0 \u00a0 \u00a0 \u00a0 \u00a0 \u00a0 \u00a0 \u00a0 \u00a0 \u00a0 \u00a0 \u00a0 \u00a0 \u00a0 \u00a0 \u00a0 jetez-vous ce d\u00e9fi\u00a0! <\/span>\u00a0<\/span><span style=\"font-family: inherit;\"> \u00a0<\/span><\/strong><\/a><\/span><\/p>\n<p>[\/et_pb_text][\/et_pb_column][\/et_pb_row][\/et_pb_section]<\/p>\n<span class=\"et_bloom_bottom_trigger\"><\/span>","protected":false},"excerpt":{"rendered":"<p>Bienvenue \u00e0 ImagoFormation ! L\u2019envol, la transformation ImagoFormation offre des formations continues aux formateurs d\u2019adultes &#8211; d\u00e9butants ou avanc\u00e9s &#8211;\u00a0ainsi que de nouvelles pistes aux chefs d\u2019\u00e9quipes. Elle s\u2019adresse aussi \u00e0 toute personne en contact avec la client\u00e8le, \u00e0 l\u2019accueil, ou simplement curieuse d\u2019aller \u00e0 la rencontre de l\u2019autre. Partez avec nous \u00e0 la recherche [&hellip;]<\/p>\n","protected":false},"author":1,"featured_media":0,"parent":0,"menu_order":0,"comment_status":"closed","ping_status":"closed","template":"","meta":{"_et_pb_use_builder":"on","_et_pb_old_content":"","_et_gb_content_width":"","footnotes":""},"class_list":["post-148","page","type-page","status-publish","hentry"],"_links":{"self":[{"href":"http:\/\/www.imagoformation.ch\/index.php?rest_route=\/wp\/v2\/pages\/148"}],"collection":[{"href":"http:\/\/www.imagoformation.ch\/index.php?rest_route=\/wp\/v2\/pages"}],"about":[{"href":"http:\/\/www.imagoformation.ch\/index.php?rest_route=\/wp\/v2\/types\/page"}],"author":[{"embeddable":true,"href":"http:\/\/www.imagoformation.ch\/index.php?rest_route=\/wp\/v2\/users\/1"}],"replies":[{"embeddable":true,"href":"http:\/\/www.imagoformation.ch\/index.php?rest_route=%2Fwp%2Fv2%2Fcomments&post=148"}],"version-history":[{"count":25,"href":"http:\/\/www.imagoformation.ch\/index.php?rest_route=\/wp\/v2\/pages\/148\/revisions"}],"predecessor-version":[{"id":1205,"href":"http:\/\/www.imagoformation.ch\/index.php?rest_route=\/wp\/v2\/pages\/148\/revisions\/1205"}],"wp:attachment":[{"href":"http:\/\/www.imagoformation.ch\/index.php?rest_route=%2Fwp%2Fv2%2Fmedia&parent=148"}],"curies":[{"name":"wp","href":"https:\/\/api.w.org\/{rel}","templated":true}]}}