{"id":122,"date":"2019-09-07T10:07:56","date_gmt":"2019-09-07T08:07:56","guid":{"rendered":"http:\/\/www.imagoformation.ch\/?page_id=122"},"modified":"2020-06-12T10:58:28","modified_gmt":"2020-06-12T08:58:28","slug":"brouillon-auto","status":"publish","type":"page","link":"http:\/\/www.imagoformation.ch\/?page_id=122","title":{"rendered":"Apprendre par corps savoir par coeur"},"content":{"rendered":"<p>[et_pb_section fb_built=\u00a0\u00bb1&Prime; _builder_version=\u00a0\u00bb3.27.3&Prime;][et_pb_row _builder_version=\u00a0\u00bb4.4.7&Prime;][et_pb_column type=\u00a0\u00bb4_4&Prime; _builder_version=\u00a0\u00bb4.4.7&Prime;][et_pb_image src=\u00a0\u00bbhttp:\/\/www.imagoformation.ch\/wp-content\/uploads\/2019\/12\/Illustraciones-Imago_2.1_4.jpg\u00a0\u00bb title_text=\u00a0\u00bbIlustraci\u00f3n Imago\u00a0\u00bb _builder_version=\u00a0\u00bb4.4.7&Prime;][\/et_pb_image][\/et_pb_column][\/et_pb_row][et_pb_row column_structure=\u00a0\u00bb1_2,1_2&Prime; _builder_version=\u00a0\u00bb3.27.3&Prime;][et_pb_column type=\u00a0\u00bb1_2&Prime; _builder_version=\u00a0\u00bb3.27.3&Prime;][et_pb_text _builder_version=\u00a0\u00bb4.3.2&Prime;]<\/p>\n<h5><span style=\"color: #333333;\"><strong><\/strong><\/span><\/h5>\n<h5><span style=\"color: #333333;\"><strong><\/strong><\/span><\/h5>\n<h5><span style=\"color: #333333;\"><strong>APPRENDRE PAR CORPS, SAVOIR PAR\u00a0<\/strong><\/span><b>C\u0152UR<\/b><\/h5>\n<p>&nbsp;<\/p>\n<p style=\"text-align: justify;\"><i style=\"font-size: 14px;\">\u00ab Ce que je cache par mon langage, mon corps le dit. Mon corps est un enfant ent\u00eat\u00e9. Mon langage est un adulte tr\u00e8s civilis\u00e9. \u00bb <\/i><i style=\"font-size: 14px;\">\u00a0 \u00a0 \u00a0 \u00a0 \u00a0 \u00a0 \u00a0 \u00a0 \u00a0 \u00a0 \u00a0 \u00a0 \u00a0 \u00a0 \u00a0 \u00a0 \u00a0 \u00a0 \u00a0 \u00a0 \u00a0 \u00a0 \u00a0 \u00a0 \u00a0 \u00a0 \u00a0 \u00a0 \u00a0 \u00a0 \u00a0 \u00a0 \u00a0 \u00a0 \u00a0 \u00a0 \u00a0 \u00a0 \u00a0 \u00a0 \u00a0 \u00a0 \u00a0 \u00a0 \u00a0 \u00a0 \u00a0 \u00a0 \u00a0 \u00a0 \u00a0 \u00a0 \u00a0 \u00a0 \u00a0 \u00a0 \u00a0 \u00a0 \u00a0 \u00a0 \u00a0 \u00a0 \u00a0 \u00a0 \u00a0 \u00a0 \u00a0 \u00a0 \u00a0 \u00a0 \u00a0 \u00a0 \u00a0 \u00a0 \u00a0 \u00a0 \u00a0 \u00a0 \u00a0 \u00a0<\/i><i style=\"font-size: 14px;\">Sacha Guitry<\/i><\/p>\n<p style=\"text-align: justify;\"><strong>Descriptif<\/strong><\/p>\n<p style=\"text-align: justify;\">Toute pratique p\u00e9dagogique met en \u0153uvre des postures du corps qui impliquent des modes de relation au savoir et \u00e0 l\u2019apprentissage. \u00a0<\/p>\n<p style=\"text-align: justify;\">Une p\u00e9dagogie du corps utilise la structure, le fonctionnement et le v\u00e9cu du corps pour assimiler\u00a0une nouvelle information.\u00a0<\/p>\n<p style=\"text-align: justify;\">La p\u00e9dagogie du corps, c\u2019est l\u2019homme debout, utilisant pleinement l\u2019outil p\u00e9dagogique qu\u2019est son corps.\u00a0La p\u00e9dagogie du corps permet la rencontre avec l\u2019objet, avec la chose \u00e0 conna\u00eetre que l\u2019on incorpore, que l\u2019on int\u00e8gre, ce qui permet alors la conqu\u00eate d\u2019une nouvelle dimension d\u2019autonomie.\u00a0<\/p>\n<p style=\"text-align: justify;\">Cette p\u00e9dagogie du corps s\u2019appuie fortement sur l\u2019oralit\u00e9, le mouvement, le geste, l\u2019espace, le regard.<\/p>\n<p style=\"text-align: justify;\"><strong><\/strong><\/p>\n<p style=\"text-align: justify;\"><strong>Contenu\u00a0<\/strong><\/p>\n<p style=\"text-align: justify;\">&#8211; s\u2019approprier l\u2019espace<\/p>\n<p style=\"text-align: justify;\">&#8211; faire confiance \u00e0 autrui<span>\u00a0\u00a0 <\/span><\/p>\n<p style=\"text-align: justify;\">&#8211; exp\u00e9rimenter le corps, le mouvement, l\u2019apprentissage<\/p>\n<p style=\"text-align: justify;\">&#8211; approfondir la th\u00e9orie expliquant les fondements scientifiques des id\u00e9es propos\u00e9es durant la partie pratique<span>\u00a0 <\/span><\/p>\n<p style=\"text-align: justify;\"><strong><\/strong><\/p>\n<p style=\"text-align: justify;\"><strong>Objectifs\u00a0<\/strong><\/p>\n<p style=\"text-align: justify;\">&#8211; reconna\u00eetre et s\u2019approprier l\u2019espace en tant qu\u2019outil andragogique<\/p>\n<p style=\"text-align: justify;\">&#8211; utiliser le corps des participants pour faciliter le processus d\u2019acquisition\u00a0 \u00a0 de nouvelles connaissances<\/p>\n<p style=\"text-align: justify;\">&#8211; dispenser des cours bas\u00e9s sur la coordination entre paroles et actes<\/p>\n<p style=\"text-align: justify;\"><strong><\/strong><\/p>\n<p style=\"text-align: justify;\"><strong>Public cible\u00a0<\/strong><\/p>\n<p style=\"text-align: justify;\">Formateurs \/ Professeurs \/ Instituteurs \/ Ma\u00eetres de formation \/ Enseignants<\/p>\n<p style=\"text-align: justify;\">\n<p>[\/et_pb_text][\/et_pb_column][et_pb_column type=\u00a0\u00bb1_2&Prime; _builder_version=\u00a0\u00bb3.27.3&Prime;][et_pb_code _builder_version=\u00a0\u00bb4.0.7&Prime; background_color=\u00a0\u00bbrgba(0,0,0,0)\u00a0\u00bb text_orientation=\u00a0\u00bbleft\u00a0\u00bb]\n<div class=\"wpcf7 no-js\" id=\"wpcf7-f662-o1\" lang=\"en-US\" dir=\"ltr\" data-wpcf7-id=\"662\">\n<div class=\"screen-reader-response\"><p role=\"status\" aria-live=\"polite\" aria-atomic=\"true\"><\/p> <ul><\/ul><\/div>\n<form action=\"\/index.php?rest_route=%2Fwp%2Fv2%2Fpages%2F122#wpcf7-f662-o1\" method=\"post\" class=\"wpcf7-form init\" aria-label=\"Contact form\" novalidate=\"novalidate\" data-status=\"init\">\n<div style=\"display: none;\">\n<input type=\"hidden\" name=\"_wpcf7\" value=\"662\" \/>\n<input type=\"hidden\" name=\"_wpcf7_version\" value=\"6.0\" \/>\n<input type=\"hidden\" name=\"_wpcf7_locale\" value=\"en_US\" \/>\n<input type=\"hidden\" name=\"_wpcf7_unit_tag\" value=\"wpcf7-f662-o1\" \/>\n<input type=\"hidden\" name=\"_wpcf7_container_post\" value=\"0\" \/>\n<input type=\"hidden\" name=\"_wpcf7_posted_data_hash\" value=\"\" \/>\n<\/div>\n<p><label> Pr\u00e9nom<br \/>\n<span class=\"wpcf7-form-control-wrap\" data-name=\"your-name\"><input size=\"40\" maxlength=\"400\" class=\"wpcf7-form-control wpcf7-text wpcf7-validates-as-required\" aria-required=\"true\" aria-invalid=\"false\" value=\"\" type=\"text\" name=\"your-name\" \/><\/span> <\/label>\n<\/p>\n<p><label> Email<br \/>\n<span class=\"wpcf7-form-control-wrap\" data-name=\"your-email\"><input size=\"40\" maxlength=\"400\" class=\"wpcf7-form-control wpcf7-email wpcf7-validates-as-required wpcf7-text wpcf7-validates-as-email\" aria-required=\"true\" aria-invalid=\"false\" value=\"\" type=\"email\" name=\"your-email\" \/><\/span> <\/label>\n<\/p>\n<p><label> Objet<br \/>\n<span class=\"wpcf7-form-control-wrap\" data-name=\"your-subject\"><input size=\"40\" maxlength=\"400\" class=\"wpcf7-form-control wpcf7-text\" aria-invalid=\"false\" value=\"\" type=\"text\" name=\"your-subject\" \/><\/span> <\/label>\n<\/p>\n<p><label> Messsage<br \/>\n<span class=\"wpcf7-form-control-wrap\" data-name=\"your-message\"><textarea cols=\"40\" rows=\"10\" maxlength=\"2000\" class=\"wpcf7-form-control wpcf7-textarea\" aria-invalid=\"false\" name=\"your-message\"><\/textarea><\/span> <\/label>\n<\/p>\n<p><input class=\"wpcf7-form-control wpcf7-submit has-spinner\" type=\"submit\" value=\"Envoyer\" \/>\n<\/p><p style=\"display: none !important;\" class=\"akismet-fields-container\" data-prefix=\"_wpcf7_ak_\"><label>&#916;<textarea name=\"_wpcf7_ak_hp_textarea\" cols=\"45\" rows=\"8\" maxlength=\"100\"><\/textarea><\/label><input type=\"hidden\" id=\"ak_js_1\" name=\"_wpcf7_ak_js\" value=\"140\"\/><script>document.getElementById( \"ak_js_1\" ).setAttribute( \"value\", ( new Date() ).getTime() );<\/script><\/p><div class=\"wpcf7-response-output\" aria-hidden=\"true\"><\/div>\n<\/form>\n<\/div>\n[\/et_pb_code][\/et_pb_column][\/et_pb_row][\/et_pb_section][et_pb_section fb_built=\u00a0\u00bb1&Prime; fullwidth=\u00a0\u00bbon\u00a0\u00bb _builder_version=\u00a0\u00bb4.4.7&Prime;][et_pb_fullwidth_image src=\u00a0\u00bbhttp:\/\/www.imagoformation.ch\/wp-content\/uploads\/2020\/04\/Banners1.png\u00a0\u00bb title_text=\u00a0\u00bbBanners1&Prime; _builder_version=\u00a0\u00bb4.4.7&Prime;][\/et_pb_fullwidth_image][\/et_pb_section]<\/p>\n<span class=\"et_bloom_bottom_trigger\"><\/span>","protected":false},"excerpt":{"rendered":"<p>APPRENDRE PAR CORPS, SAVOIR PAR\u00a0C\u0152UR &nbsp; \u00ab Ce que je cache par mon langage, mon corps le dit. Mon corps est un enfant ent\u00eat\u00e9. Mon langage est un adulte tr\u00e8s civilis\u00e9. \u00bb \u00a0 \u00a0 \u00a0 \u00a0 \u00a0 \u00a0 \u00a0 \u00a0 \u00a0 \u00a0 \u00a0 \u00a0 \u00a0 \u00a0 \u00a0 \u00a0 \u00a0 \u00a0 \u00a0 \u00a0 \u00a0 \u00a0 \u00a0 [&hellip;]<\/p>\n","protected":false},"author":1,"featured_media":0,"parent":0,"menu_order":0,"comment_status":"closed","ping_status":"closed","template":"","meta":{"_et_pb_use_builder":"on","_et_pb_old_content":"","_et_gb_content_width":"","footnotes":""},"class_list":["post-122","page","type-page","status-publish","hentry"],"_links":{"self":[{"href":"http:\/\/www.imagoformation.ch\/index.php?rest_route=\/wp\/v2\/pages\/122"}],"collection":[{"href":"http:\/\/www.imagoformation.ch\/index.php?rest_route=\/wp\/v2\/pages"}],"about":[{"href":"http:\/\/www.imagoformation.ch\/index.php?rest_route=\/wp\/v2\/types\/page"}],"author":[{"embeddable":true,"href":"http:\/\/www.imagoformation.ch\/index.php?rest_route=\/wp\/v2\/users\/1"}],"replies":[{"embeddable":true,"href":"http:\/\/www.imagoformation.ch\/index.php?rest_route=%2Fwp%2Fv2%2Fcomments&post=122"}],"version-history":[{"count":33,"href":"http:\/\/www.imagoformation.ch\/index.php?rest_route=\/wp\/v2\/pages\/122\/revisions"}],"predecessor-version":[{"id":1223,"href":"http:\/\/www.imagoformation.ch\/index.php?rest_route=\/wp\/v2\/pages\/122\/revisions\/1223"}],"wp:attachment":[{"href":"http:\/\/www.imagoformation.ch\/index.php?rest_route=%2Fwp%2Fv2%2Fmedia&parent=122"}],"curies":[{"name":"wp","href":"https:\/\/api.w.org\/{rel}","templated":true}]}}